{"id":10,"date":"2019-05-18T12:26:22","date_gmt":"2019-05-18T10:26:22","guid":{"rendered":"https:\/\/www.zyskol.hmcloud.pl\/?page_id=10"},"modified":"2019-05-20T10:42:22","modified_gmt":"2019-05-20T08:42:22","slug":"o-nas","status":"publish","type":"page","link":"https:\/\/sundmann-murawska.pl\/index.php\/o-nas\/","title":{"rendered":"O mnie"},"content":{"rendered":"\n<blockquote class=\"wp-block-quote is-layout-flow wp-block-quote-is-layout-flow\"><p><img loading=\"lazy\" decoding=\"async\" width=\"117\" height=\"155\" class=\"wp-image-37\" style=\"width: 117px;\" src=\"http:\/\/www.zyskol.hmcloud.pl\/wp-content\/uploads\/2019\/05\/foto.jpg\" alt=\"\"><\/p><p> <strong>Anna Sundmann-Murawska<\/strong><\/p><p><strong>Urodzona 1943 r. w Gorlicach.<\/strong><\/p><p><strong>Studia uko\u0144czy\u0142a w 1967 r. na Uniwersytecie im. Adama Mickiewicza w Poznaniu, Wydzia\u0142 Matematyki, Fizyki i Chemii &#8211; kierunek fizyka. <\/strong><\/p><p><strong>Po zako\u0144czeniu pracy zawodowej zacz\u0119\u0142a realizowa\u0107 swoje zainteresowania zwi\u0105zane z malarstwem. <\/strong><\/p><p><strong>Zafascynowana pi\u0119knem ziemi polskiej a szczeg\u00f3lnie urod\u0105 Wielkopolski utrwala j\u0105 technik\u0105 olejn\u0105 na p\u0142\u00f3tnie maluj\u0105c dwory, pa\u0142ace, zagrody ch\u0142opskie, budowle sakralne. <\/strong><\/p><p><strong>Czasem maluje portrety i kopie znanych obraz\u00f3w. Ulubion\u0105 form\u0105 wypowiedzi autorki jest malowanie pejza\u017cy, kt\u00f3re tworzone w plenerze umo\u017cliwiaj\u0105 wychwycenie nastroju i atmosfery krajobrazu. <\/strong><\/p><p><strong>Obrazy wyka\u0144cza w pracowni posi\u0142kuj\u0105cej si\u0119 dokumentacj\u0105 fotograficzn\u0105 wykonan\u0105 w trakcie malowania obrazu w terenie. <\/strong><\/p><p><strong>Poziomy format jaki zazwyczaj stosuje, \u017ce widok tchnie spokojem i przestrzeni\u0105. <\/strong><\/p><p><strong>Autorka posiada w\u0142asn\u0105, charakterystyczn\u0105 dla siebie wra\u017cliwo\u015b\u0107 na kolory u\u017cywaj\u0105c do malowania pe\u0142nej palety barw. <\/strong><\/p><p><\/p><\/blockquote>\n","protected":false},"excerpt":{"rendered":"<p>Anna Sundmann-Murawska Urodzona 1943 r. w Gorlicach. Studia uko\u0144czy\u0142a w 1967 r. na Uniwersytecie im. Adama Mickiewicza w Poznaniu, Wydzia\u0142 Matematyki, Fizyki i Chemii &#8211; kierunek fizyka. Po zako\u0144czeniu pracy zawodowej zacz\u0119\u0142a realizowa\u0107 swoje zainteresowania zwi\u0105zane z malarstwem. Zafascynowana pi\u0119knem ziemi polskiej a szczeg\u00f3lnie urod\u0105 Wielkopolski utrwala j\u0105 technik\u0105 olejn\u0105 na p\u0142\u00f3tnie maluj\u0105c dwory, pa\u0142ace, &hellip; <\/p>\n<p class=\"link-more\"><a href=\"https:\/\/sundmann-murawska.pl\/index.php\/o-nas\/\" class=\"more-link\">Czytaj dalej<span class=\"screen-reader-text\"> \u201eO mnie\u201d<\/span><\/a><\/p>\n","protected":false},"author":2,"featured_media":187,"parent":0,"menu_order":6,"comment_status":"closed","ping_status":"closed","template":"","meta":{"footnotes":""},"class_list":["post-10","page","type-page","status-publish","has-post-thumbnail","hentry"],"_links":{"self":[{"href":"https:\/\/sundmann-murawska.pl\/index.php\/wp-json\/wp\/v2\/pages\/10","targetHints":{"allow":["GET"]}}],"collection":[{"href":"https:\/\/sundmann-murawska.pl\/index.php\/wp-json\/wp\/v2\/pages"}],"about":[{"href":"https:\/\/sundmann-murawska.pl\/index.php\/wp-json\/wp\/v2\/types\/page"}],"author":[{"embeddable":true,"href":"https:\/\/sundmann-murawska.pl\/index.php\/wp-json\/wp\/v2\/users\/2"}],"replies":[{"embeddable":true,"href":"https:\/\/sundmann-murawska.pl\/index.php\/wp-json\/wp\/v2\/comments?post=10"}],"version-history":[{"count":14,"href":"https:\/\/sundmann-murawska.pl\/index.php\/wp-json\/wp\/v2\/pages\/10\/revisions"}],"predecessor-version":[{"id":337,"href":"https:\/\/sundmann-murawska.pl\/index.php\/wp-json\/wp\/v2\/pages\/10\/revisions\/337"}],"wp:featuredmedia":[{"embeddable":true,"href":"https:\/\/sundmann-murawska.pl\/index.php\/wp-json\/wp\/v2\/media\/187"}],"wp:attachment":[{"href":"https:\/\/sundmann-murawska.pl\/index.php\/wp-json\/wp\/v2\/media?parent=10"}],"curies":[{"name":"wp","href":"https:\/\/api.w.org\/{rel}","templated":true}]}}