{"id":196,"date":"2019-05-18T13:21:32","date_gmt":"2019-05-18T11:21:32","guid":{"rendered":"https:\/\/www.zyskol.hmcloud.pl\/?page_id=196"},"modified":"2019-07-19T11:19:22","modified_gmt":"2019-07-19T09:19:22","slug":"http-sundmann-murawska-pl","status":"publish","type":"page","link":"https:\/\/sundmann-murawska.pl\/index.php\/http-sundmann-murawska-pl\/","title":{"rendered":"Wystawa Pejza\u017ce polskie"},"content":{"rendered":"\n<p><strong>Wystawa mia\u0142a miejsce na terenie Parafii  Naj\u015bwi\u0119tszej Bogarodzicy Maryi w Poznaniu podczas pierwszego weekendu majowego 2010 roku.<\/strong><\/p>\n\n\n\n<p><strong>Wystawione obrazy pochodzi\u0142y z pocz\u0105tkowego okresu malowania, czyli od 2001 roku. <\/strong><\/p>\n\n\n\n<p><strong>Tematyka prac dotyczy przede wszystkim malarstwa krajobrazowego w technice olejnej. <\/strong><\/p>\n\n\n\n<p><strong>S\u0105 to pejza\u017ce z zabudow\u0105 gospodarcz\u0105, pastwiskiem, urokliw\u0105 stacyjk\u0105 kolejow\u0105, (Pastwisko, Zatom Stary, \u015aciernisko), drogami wiejskimi.  <\/strong><\/p>\n\n\n\n<p><strong>(Za jeziorem, Grobia). Pejza\u017ce nadwarcia\u0144skie ukazuj\u0105 rzek\u0119 Wart\u0119 niepokoj\u0105c\u0105, zmienn\u0105 z zaro\u015blami \u015br\u00f3dpolnymi, (Mokrad\u0142a \u015br\u00f3dpolne) rosn\u0105cymi przy niej drzewami, krzewami.<\/strong><\/p>\n\n\n\n<p><strong>(Zakole Warty, Nad Wart\u0105, \u0141\u0105ki nad Wart\u0105, W dolinie Warty, Mniszek pospolity, Li\u015b\u0107 d\u0119bu, B\u0105k w\u015br\u00f3d ost\u00f3w). <\/strong><\/p>\n\n\n\n<p><strong>W przep\u0142ywaj\u0105cej przez Sierak\u00f3w Warcie, wolno p\u0142yn\u0105cej przed i za mostem odbija si\u0119 wyra\u017anie Zamek Opali\u0144skich, stare mury i barwne kamieniczki (Za mostem, Zamek). <\/strong><\/p>\n\n\n\n<p><strong>Urokliwe krajobrazowe parki takie jak Czerniejewski, Kaszubski i zachowane tam skarby jak pa\u0142ac w Czerniejewie, dworki i dwory szlacheckie utrwalone zosta\u0142y w oleju na p\u0142\u00f3tnach.<\/strong><\/p>\n\n\n\n<p><strong>(Park w Czerniejewie, Dworek z Nowego Barkoczyna, Dworek z Trzebunia, Dw\u00f3r szlachecki w Koszutach). <\/strong><\/p>\n\n\n\n<p><strong>Pejza\u017ce: zimowy, (Za Kamie\u0144czykiem) morski, (Lato w \u0141uk\u0119cinie, Zach\u00f3d s\u0142o\u0144ca w Mi\u0119dzywodziu) i pejza\u017c wiejski wiosenny oraz jesienny (D\u0105br\u00f3wka Ko\u015bcielna) r\u00f3wnie\u017c utrwali\u0142a autorka w wy\u017cej wymienionej technice. <\/strong><\/p>\n\n\n\n<p><\/p>\n\n\n\n<figure class=\"wp-block-image\"><a class=\"fancybox\" href=\"http:\/\/www.zyskol.hmcloud.pl\/wp-content\/uploads\/2019\/05\/IMG_9637.jpg\"><img loading=\"lazy\" decoding=\"async\" width=\"800\" height=\"533\" src=\"http:\/\/www.zyskol.hmcloud.pl\/wp-content\/uploads\/2019\/05\/IMG_9637.jpg\" alt=\"\" class=\"wp-image-124\" srcset=\"https:\/\/sundmann-murawska.pl\/wp-content\/uploads\/2019\/05\/IMG_9637.jpg 800w, https:\/\/sundmann-murawska.pl\/wp-content\/uploads\/2019\/05\/IMG_9637-300x200.jpg 300w, https:\/\/sundmann-murawska.pl\/wp-content\/uploads\/2019\/05\/IMG_9637-768x512.jpg 768w\" sizes=\"auto, (max-width: 767px) 89vw, (max-width: 1000px) 54vw, (max-width: 1071px) 543px, 580px\" \/><\/a><\/figure>\n\n\n\n<figure class=\"wp-block-image\"><a class=\"fancybox\" href=\"http:\/\/www.zyskol.hmcloud.pl\/wp-content\/uploads\/2019\/05\/IMG_9624.jpg\"><img loading=\"lazy\" decoding=\"async\" width=\"800\" height=\"533\" src=\"http:\/\/www.zyskol.hmcloud.pl\/wp-content\/uploads\/2019\/05\/IMG_9624.jpg\" alt=\"\" class=\"wp-image-122\" srcset=\"https:\/\/sundmann-murawska.pl\/wp-content\/uploads\/2019\/05\/IMG_9624.jpg 800w, https:\/\/sundmann-murawska.pl\/wp-content\/uploads\/2019\/05\/IMG_9624-300x200.jpg 300w, https:\/\/sundmann-murawska.pl\/wp-content\/uploads\/2019\/05\/IMG_9624-768x512.jpg 768w\" sizes=\"auto, (max-width: 767px) 89vw, (max-width: 1000px) 54vw, (max-width: 1071px) 543px, 580px\" \/><\/a><\/figure>\n\n\n\n<figure class=\"wp-block-image\"><a class=\"fancybox\" href=\"http:\/\/www.zyskol.hmcloud.pl\/wp-content\/uploads\/2019\/05\/IMG_9625.jpg\"><img loading=\"lazy\" decoding=\"async\" width=\"800\" height=\"533\" src=\"http:\/\/www.zyskol.hmcloud.pl\/wp-content\/uploads\/2019\/05\/IMG_9625.jpg\" alt=\"\" class=\"wp-image-123\" srcset=\"https:\/\/sundmann-murawska.pl\/wp-content\/uploads\/2019\/05\/IMG_9625.jpg 800w, https:\/\/sundmann-murawska.pl\/wp-content\/uploads\/2019\/05\/IMG_9625-300x200.jpg 300w, https:\/\/sundmann-murawska.pl\/wp-content\/uploads\/2019\/05\/IMG_9625-768x512.jpg 768w\" sizes=\"auto, (max-width: 767px) 89vw, (max-width: 1000px) 54vw, (max-width: 1071px) 543px, 580px\" \/><\/a><\/figure>\n\n\n\n<figure class=\"wp-block-image\"><a class=\"fancybox\" href=\"http:\/\/www.zyskol.hmcloud.pl\/wp-content\/uploads\/2019\/05\/IMG_9622.jpg\"><img loading=\"lazy\" decoding=\"async\" width=\"800\" height=\"533\" src=\"http:\/\/www.zyskol.hmcloud.pl\/wp-content\/uploads\/2019\/05\/IMG_9622.jpg\" alt=\"\" class=\"wp-image-121\" srcset=\"https:\/\/sundmann-murawska.pl\/wp-content\/uploads\/2019\/05\/IMG_9622.jpg 800w, https:\/\/sundmann-murawska.pl\/wp-content\/uploads\/2019\/05\/IMG_9622-300x200.jpg 300w, https:\/\/sundmann-murawska.pl\/wp-content\/uploads\/2019\/05\/IMG_9622-768x512.jpg 768w\" sizes=\"auto, (max-width: 767px) 89vw, (max-width: 1000px) 54vw, (max-width: 1071px) 543px, 580px\" \/><\/a><\/figure>\n\n\n\n<figure class=\"wp-block-image\"><a class=\"fancybox\" href=\"http:\/\/www.zyskol.hmcloud.pl\/wp-content\/uploads\/2019\/05\/IMG_9598.jpg\"><img loading=\"lazy\" decoding=\"async\" width=\"800\" height=\"533\" src=\"http:\/\/www.zyskol.hmcloud.pl\/wp-content\/uploads\/2019\/05\/IMG_9598.jpg\" alt=\"\" class=\"wp-image-120\" srcset=\"https:\/\/sundmann-murawska.pl\/wp-content\/uploads\/2019\/05\/IMG_9598.jpg 800w, https:\/\/sundmann-murawska.pl\/wp-content\/uploads\/2019\/05\/IMG_9598-300x200.jpg 300w, https:\/\/sundmann-murawska.pl\/wp-content\/uploads\/2019\/05\/IMG_9598-768x512.jpg 768w\" sizes=\"auto, (max-width: 767px) 89vw, (max-width: 1000px) 54vw, (max-width: 1071px) 543px, 580px\" \/><\/a><\/figure>\n\n\n\n<figure class=\"wp-block-image\"><a class=\"fancybox\" href=\"http:\/\/www.zyskol.hmcloud.pl\/wp-content\/uploads\/2019\/05\/IMG_9589.jpg\"><img loading=\"lazy\" decoding=\"async\" width=\"800\" height=\"533\" src=\"http:\/\/www.zyskol.hmcloud.pl\/wp-content\/uploads\/2019\/05\/IMG_9589.jpg\" alt=\"\" class=\"wp-image-119\" srcset=\"https:\/\/sundmann-murawska.pl\/wp-content\/uploads\/2019\/05\/IMG_9589.jpg 800w, https:\/\/sundmann-murawska.pl\/wp-content\/uploads\/2019\/05\/IMG_9589-300x200.jpg 300w, https:\/\/sundmann-murawska.pl\/wp-content\/uploads\/2019\/05\/IMG_9589-768x512.jpg 768w\" sizes=\"auto, (max-width: 767px) 89vw, (max-width: 1000px) 54vw, (max-width: 1071px) 543px, 580px\" \/><\/a><\/figure>\n\n\n\n<figure class=\"wp-block-image\"><a class=\"fancybox\" href=\"http:\/\/www.zyskol.hmcloud.pl\/wp-content\/uploads\/2019\/05\/IMG_9586.jpg\"><img loading=\"lazy\" decoding=\"async\" width=\"800\" height=\"533\" src=\"http:\/\/www.zyskol.hmcloud.pl\/wp-content\/uploads\/2019\/05\/IMG_9586.jpg\" alt=\"\" class=\"wp-image-118\" srcset=\"https:\/\/sundmann-murawska.pl\/wp-content\/uploads\/2019\/05\/IMG_9586.jpg 800w, https:\/\/sundmann-murawska.pl\/wp-content\/uploads\/2019\/05\/IMG_9586-300x200.jpg 300w, https:\/\/sundmann-murawska.pl\/wp-content\/uploads\/2019\/05\/IMG_9586-768x512.jpg 768w\" sizes=\"auto, (max-width: 767px) 89vw, (max-width: 1000px) 54vw, (max-width: 1071px) 543px, 580px\" \/><\/a><\/figure>\n\n\n\n<figure class=\"wp-block-image\"><a class=\"fancybox\" href=\"http:\/\/www.zyskol.hmcloud.pl\/wp-content\/uploads\/2019\/05\/IMG_9580.jpg\"><img loading=\"lazy\" decoding=\"async\" width=\"533\" height=\"800\" src=\"http:\/\/www.zyskol.hmcloud.pl\/wp-content\/uploads\/2019\/05\/IMG_9580.jpg\" alt=\"\" class=\"wp-image-116\" srcset=\"https:\/\/sundmann-murawska.pl\/wp-content\/uploads\/2019\/05\/IMG_9580.jpg 533w, https:\/\/sundmann-murawska.pl\/wp-content\/uploads\/2019\/05\/IMG_9580-200x300.jpg 200w\" sizes=\"auto, (max-width: 533px) 100vw, 533px\" \/><\/a><\/figure>\n\n\n\n<figure class=\"wp-block-image\"><a class=\"fancybox\" href=\"http:\/\/www.zyskol.hmcloud.pl\/wp-content\/uploads\/2019\/05\/IMG_9585.jpg\"><img loading=\"lazy\" decoding=\"async\" width=\"800\" height=\"533\" src=\"http:\/\/www.zyskol.hmcloud.pl\/wp-content\/uploads\/2019\/05\/IMG_9585.jpg\" alt=\"\" class=\"wp-image-117\" srcset=\"https:\/\/sundmann-murawska.pl\/wp-content\/uploads\/2019\/05\/IMG_9585.jpg 800w, https:\/\/sundmann-murawska.pl\/wp-content\/uploads\/2019\/05\/IMG_9585-300x200.jpg 300w, https:\/\/sundmann-murawska.pl\/wp-content\/uploads\/2019\/05\/IMG_9585-768x512.jpg 768w\" sizes=\"auto, (max-width: 767px) 89vw, (max-width: 1000px) 54vw, (max-width: 1071px) 543px, 580px\" \/><\/a><\/figure>\n\n\n\n<figure class=\"wp-block-image\"><a class=\"fancybox\" href=\"http:\/\/www.zyskol.hmcloud.pl\/wp-content\/uploads\/2019\/05\/IMG_9579.jpg\"><img loading=\"lazy\" decoding=\"async\" width=\"800\" height=\"533\" src=\"http:\/\/www.zyskol.hmcloud.pl\/wp-content\/uploads\/2019\/05\/IMG_9579.jpg\" alt=\"\" class=\"wp-image-115\" srcset=\"https:\/\/sundmann-murawska.pl\/wp-content\/uploads\/2019\/05\/IMG_9579.jpg 800w, https:\/\/sundmann-murawska.pl\/wp-content\/uploads\/2019\/05\/IMG_9579-300x200.jpg 300w, https:\/\/sundmann-murawska.pl\/wp-content\/uploads\/2019\/05\/IMG_9579-768x512.jpg 768w\" sizes=\"auto, (max-width: 767px) 89vw, (max-width: 1000px) 54vw, (max-width: 1071px) 543px, 580px\" \/><\/a><\/figure>\n\n\n\n<figure class=\"wp-block-image\"><a class=\"fancybox\" href=\"http:\/\/www.zyskol.hmcloud.pl\/wp-content\/uploads\/2019\/05\/IMG_9575.jpg\"><img loading=\"lazy\" decoding=\"async\" width=\"533\" height=\"800\" src=\"http:\/\/www.zyskol.hmcloud.pl\/wp-content\/uploads\/2019\/05\/IMG_9575.jpg\" alt=\"\" class=\"wp-image-114\" srcset=\"https:\/\/sundmann-murawska.pl\/wp-content\/uploads\/2019\/05\/IMG_9575.jpg 533w, https:\/\/sundmann-murawska.pl\/wp-content\/uploads\/2019\/05\/IMG_9575-200x300.jpg 200w\" sizes=\"auto, (max-width: 533px) 100vw, 533px\" \/><\/a><\/figure>\n\n\n\n<figure class=\"wp-block-image\"><a class=\"fancybox\" href=\"http:\/\/www.zyskol.hmcloud.pl\/wp-content\/uploads\/2019\/05\/IMG_9574.jpg\"><img loading=\"lazy\" decoding=\"async\" width=\"533\" height=\"800\" src=\"http:\/\/www.zyskol.hmcloud.pl\/wp-content\/uploads\/2019\/05\/IMG_9574.jpg\" alt=\"\" class=\"wp-image-113\" srcset=\"https:\/\/sundmann-murawska.pl\/wp-content\/uploads\/2019\/05\/IMG_9574.jpg 533w, https:\/\/sundmann-murawska.pl\/wp-content\/uploads\/2019\/05\/IMG_9574-200x300.jpg 200w\" sizes=\"auto, (max-width: 533px) 100vw, 533px\" \/><\/a><\/figure>\n\n\n\n<figure class=\"wp-block-image\"><a class=\"fancybox\" href=\"http:\/\/www.zyskol.hmcloud.pl\/wp-content\/uploads\/2019\/05\/bg6.jpg\"><img loading=\"lazy\" decoding=\"async\" width=\"544\" height=\"1024\" src=\"http:\/\/www.zyskol.hmcloud.pl\/wp-content\/uploads\/2019\/05\/bg6-544x1024.jpg\" alt=\"\" class=\"wp-image-36\" srcset=\"https:\/\/sundmann-murawska.pl\/wp-content\/uploads\/2019\/05\/bg6-544x1024.jpg 544w, https:\/\/sundmann-murawska.pl\/wp-content\/uploads\/2019\/05\/bg6-159x300.jpg 159w, https:\/\/sundmann-murawska.pl\/wp-content\/uploads\/2019\/05\/bg6.jpg 723w\" sizes=\"auto, (max-width: 544px) 100vw, 544px\" \/><\/a><\/figure>\n\n\n\n<p><strong><a href=\"https:\/\/www.zyskol.hmcloud.pl\/\">Powr\u00f3t<\/a><\/strong><\/p>\n","protected":false},"excerpt":{"rendered":"<p>Wystawa mia\u0142a miejsce na terenie Parafii Naj\u015bwi\u0119tszej Bogarodzicy Maryi w Poznaniu podczas pierwszego weekendu majowego 2010 roku. Wystawione obrazy pochodzi\u0142y z pocz\u0105tkowego okresu malowania, czyli od 2001 roku. Tematyka prac dotyczy przede wszystkim malarstwa krajobrazowego w technice olejnej. S\u0105 to pejza\u017ce z zabudow\u0105 gospodarcz\u0105, pastwiskiem, urokliw\u0105 stacyjk\u0105 kolejow\u0105, (Pastwisko, Zatom Stary, \u015aciernisko), drogami wiejskimi. (Za &hellip; <\/p>\n<p class=\"link-more\"><a href=\"https:\/\/sundmann-murawska.pl\/index.php\/http-sundmann-murawska-pl\/\" class=\"more-link\">Czytaj dalej<span class=\"screen-reader-text\"> \u201eWystawa Pejza\u017ce polskie\u201d<\/span><\/a><\/p>\n","protected":false},"author":2,"featured_media":124,"parent":0,"menu_order":4,"comment_status":"closed","ping_status":"closed","template":"","meta":{"footnotes":""},"class_list":["post-196","page","type-page","status-publish","has-post-thumbnail","hentry"],"_links":{"self":[{"href":"https:\/\/sundmann-murawska.pl\/index.php\/wp-json\/wp\/v2\/pages\/196","targetHints":{"allow":["GET"]}}],"collection":[{"href":"https:\/\/sundmann-murawska.pl\/index.php\/wp-json\/wp\/v2\/pages"}],"about":[{"href":"https:\/\/sundmann-murawska.pl\/index.php\/wp-json\/wp\/v2\/types\/page"}],"author":[{"embeddable":true,"href":"https:\/\/sundmann-murawska.pl\/index.php\/wp-json\/wp\/v2\/users\/2"}],"replies":[{"embeddable":true,"href":"https:\/\/sundmann-murawska.pl\/index.php\/wp-json\/wp\/v2\/comments?post=196"}],"version-history":[{"count":33,"href":"https:\/\/sundmann-murawska.pl\/index.php\/wp-json\/wp\/v2\/pages\/196\/revisions"}],"predecessor-version":[{"id":475,"href":"https:\/\/sundmann-murawska.pl\/index.php\/wp-json\/wp\/v2\/pages\/196\/revisions\/475"}],"wp:featuredmedia":[{"embeddable":true,"href":"https:\/\/sundmann-murawska.pl\/index.php\/wp-json\/wp\/v2\/media\/124"}],"wp:attachment":[{"href":"https:\/\/sundmann-murawska.pl\/index.php\/wp-json\/wp\/v2\/media?parent=196"}],"curies":[{"name":"wp","href":"https:\/\/api.w.org\/{rel}","templated":true}]}}