{"id":242,"date":"2019-05-18T19:24:35","date_gmt":"2019-05-18T17:24:35","guid":{"rendered":"https:\/\/www.zyskol.hmcloud.pl\/?page_id=242"},"modified":"2019-07-19T16:44:46","modified_gmt":"2019-07-19T14:44:46","slug":"nowe-prace","status":"publish","type":"page","link":"https:\/\/sundmann-murawska.pl\/index.php\/nowe-prace\/","title":{"rendered":"Nowe prace"},"content":{"rendered":"\n<figure class=\"wp-block-image\"><a class=\"fancybox\" href=\"http:\/\/www.zyskol.hmcloud.pl\/wp-content\/uploads\/2019\/07\/IMG_0328.jpg\"><img loading=\"lazy\" decoding=\"async\" width=\"1024\" height=\"737\" src=\"http:\/\/www.zyskol.hmcloud.pl\/wp-content\/uploads\/2019\/07\/IMG_0328-1024x737.jpg\" alt=\"\" class=\"wp-image-476\" srcset=\"https:\/\/sundmann-murawska.pl\/wp-content\/uploads\/2019\/07\/IMG_0328-1024x737.jpg 1024w, https:\/\/sundmann-murawska.pl\/wp-content\/uploads\/2019\/07\/IMG_0328-300x216.jpg 300w, https:\/\/sundmann-murawska.pl\/wp-content\/uploads\/2019\/07\/IMG_0328-768x553.jpg 768w, https:\/\/sundmann-murawska.pl\/wp-content\/uploads\/2019\/07\/IMG_0328.jpg 1500w\" sizes=\"auto, (max-width: 767px) 89vw, (max-width: 1000px) 54vw, (max-width: 1071px) 543px, 580px\" \/><\/a><figcaption><strong>Oset i Trzmiel, olej na p\u0142\u00f3tnie, 33&#215;46 cm, 2005r.<\/strong><\/figcaption><\/figure>\n\n\n\n<figure class=\"wp-block-image\"><a class=\"fancybox\" href=\"http:\/\/www.zyskol.hmcloud.pl\/wp-content\/uploads\/2019\/07\/DSC_0096.jpg\"><img loading=\"lazy\" decoding=\"async\" width=\"787\" height=\"676\" src=\"http:\/\/www.zyskol.hmcloud.pl\/wp-content\/uploads\/2019\/07\/DSC_0096.jpg\" alt=\"\" class=\"wp-image-376\" srcset=\"https:\/\/sundmann-murawska.pl\/wp-content\/uploads\/2019\/07\/DSC_0096.jpg 787w, https:\/\/sundmann-murawska.pl\/wp-content\/uploads\/2019\/07\/DSC_0096-300x258.jpg 300w, https:\/\/sundmann-murawska.pl\/wp-content\/uploads\/2019\/07\/DSC_0096-768x660.jpg 768w\" sizes=\"auto, (max-width: 767px) 89vw, (max-width: 1000px) 54vw, (max-width: 1071px) 543px, 580px\" \/><\/a><figcaption><strong>Owoce jesieni, olej na desce, 42,5&#215;50 cm, 2011r.<\/strong><br><\/figcaption><\/figure>\n\n\n\n<div class=\"wp-block-image\"><figure class=\"aligncenter\"><a class=\"fancybox\" href=\"http:\/\/www.zyskol.hmcloud.pl\/wp-content\/uploads\/2019\/07\/DSC_0091.jpg\"><img loading=\"lazy\" decoding=\"async\" width=\"787\" height=\"572\" src=\"http:\/\/www.zyskol.hmcloud.pl\/wp-content\/uploads\/2019\/07\/DSC_0091.jpg\" alt=\"\" class=\"wp-image-375\" srcset=\"https:\/\/sundmann-murawska.pl\/wp-content\/uploads\/2019\/07\/DSC_0091.jpg 787w, https:\/\/sundmann-murawska.pl\/wp-content\/uploads\/2019\/07\/DSC_0091-300x218.jpg 300w, https:\/\/sundmann-murawska.pl\/wp-content\/uploads\/2019\/07\/DSC_0091-768x558.jpg 768w\" sizes=\"auto, (max-width: 767px) 89vw, (max-width: 1000px) 54vw, (max-width: 1071px) 543px, 580px\" \/><\/a><figcaption><strong>Li\u015b\u0107 d\u0119bu czerwonego, olej na p\u0142\u00f3tnie, 33&#215;46 cm, 2011r.<\/strong><\/figcaption><\/figure><\/div>\n\n\n\n<div class=\"wp-block-image\"><figure class=\"aligncenter\"><a class=\"fancybox\" href=\"http:\/\/www.zyskol.hmcloud.pl\/wp-content\/uploads\/2019\/07\/DSC_0090.jpg\"><img loading=\"lazy\" decoding=\"async\" width=\"1024\" height=\"738\" src=\"http:\/\/www.zyskol.hmcloud.pl\/wp-content\/uploads\/2019\/05\/IMG_0325-1024x738.jpg\" alt=\"\" class=\"wp-image-282\" srcset=\"https:\/\/sundmann-murawska.pl\/wp-content\/uploads\/2019\/05\/IMG_0325-1024x738.jpg 1024w, https:\/\/sundmann-murawska.pl\/wp-content\/uploads\/2019\/05\/IMG_0325-300x216.jpg 300w, https:\/\/sundmann-murawska.pl\/wp-content\/uploads\/2019\/05\/IMG_0325-768x553.jpg 768w, https:\/\/sundmann-murawska.pl\/wp-content\/uploads\/2019\/05\/IMG_0325.jpg 1500w\" sizes=\"auto, (max-width: 767px) 89vw, (max-width: 1000px) 54vw, (max-width: 1071px) 543px, 580px\" \/><\/a><figcaption><strong>Muzeum-Zamek Opali\u0144skich XVII wiek &#8211; Sierak\u00f3w, olej na p\u0142\u00f3tnie, 33&#215;46 cm, 2016\/2017r.<\/strong><\/figcaption><\/figure><\/div>\n\n\n\n<div class=\"wp-block-image\"><figure class=\"aligncenter\"><a class=\"fancybox\" href=\"http:\/\/www.zyskol.hmcloud.pl\/wp-content\/uploads\/2019\/07\/DSC_0087.jpg\"><img loading=\"lazy\" decoding=\"async\" width=\"787\" height=\"605\" src=\"http:\/\/www.zyskol.hmcloud.pl\/wp-content\/uploads\/2019\/07\/DSC_0087.jpg\" alt=\"\" class=\"wp-image-372\" srcset=\"https:\/\/sundmann-murawska.pl\/wp-content\/uploads\/2019\/07\/DSC_0087.jpg 787w, https:\/\/sundmann-murawska.pl\/wp-content\/uploads\/2019\/07\/DSC_0087-300x231.jpg 300w, https:\/\/sundmann-murawska.pl\/wp-content\/uploads\/2019\/07\/DSC_0087-768x590.jpg 768w\" sizes=\"auto, (max-width: 767px) 89vw, (max-width: 1000px) 54vw, (max-width: 1071px) 543px, 580px\" \/><\/a><figcaption><strong>Chata zagrodnika, olej na p\u0142\u00f3tnie, 50&#215;65 cm.<\/strong><\/figcaption><\/figure><\/div>\n\n\n\n<div class=\"wp-block-image\"><figure class=\"aligncenter\"><a class=\"fancybox\" href=\"http:\/\/www.zyskol.hmcloud.pl\/wp-content\/uploads\/2019\/07\/DSC_0085.jpg\"><img loading=\"lazy\" decoding=\"async\" width=\"574\" height=\"787\" src=\"http:\/\/www.zyskol.hmcloud.pl\/wp-content\/uploads\/2019\/07\/DSC_0085.jpg\" alt=\"\" class=\"wp-image-371\" srcset=\"https:\/\/sundmann-murawska.pl\/wp-content\/uploads\/2019\/07\/DSC_0085.jpg 574w, https:\/\/sundmann-murawska.pl\/wp-content\/uploads\/2019\/07\/DSC_0085-219x300.jpg 219w\" sizes=\"auto, (max-width: 574px) 100vw, 574px\" \/><\/a><figcaption><strong>Jesie\u0144 na stepie, olej na p\u0142\u00f3tnie, 33&#215;24 cm, 2018\/2019r. <\/strong><\/figcaption><\/figure><\/div>\n\n\n\n<div class=\"wp-block-image\"><figure class=\"aligncenter\"><a class=\"fancybox\" href=\"http:\/\/www.zyskol.hmcloud.pl\/wp-content\/uploads\/2019\/07\/DSC_0084.jpg\"><img loading=\"lazy\" decoding=\"async\" width=\"787\" height=\"519\" src=\"http:\/\/www.zyskol.hmcloud.pl\/wp-content\/uploads\/2019\/07\/DSC_0084.jpg\" alt=\"\" class=\"wp-image-370\" srcset=\"https:\/\/sundmann-murawska.pl\/wp-content\/uploads\/2019\/07\/DSC_0084.jpg 787w, https:\/\/sundmann-murawska.pl\/wp-content\/uploads\/2019\/07\/DSC_0084-300x198.jpg 300w, https:\/\/sundmann-murawska.pl\/wp-content\/uploads\/2019\/07\/DSC_0084-768x506.jpg 768w\" sizes=\"auto, (max-width: 767px) 89vw, (max-width: 1000px) 54vw, (max-width: 1071px) 543px, 580px\" \/><\/a><figcaption><strong>Zamek Hochberg\u00f3w z 1912r. w Goraju, olej na p\u0142\u00f3tnie, 65&#215;100 cm, 2012\/2017r.<\/strong><\/figcaption><\/figure><\/div>\n\n\n\n<figure class=\"wp-block-image\"><a class=\"fancybox\" href=\"http:\/\/www.zyskol.hmcloud.pl\/wp-content\/uploads\/2019\/05\/IMG_0322.jpg\"><img loading=\"lazy\" decoding=\"async\" width=\"724\" height=\"1024\" src=\"http:\/\/www.zyskol.hmcloud.pl\/wp-content\/uploads\/2019\/05\/IMG_0322-724x1024.jpg\" alt=\"\" class=\"wp-image-277\" srcset=\"https:\/\/sundmann-murawska.pl\/wp-content\/uploads\/2019\/05\/IMG_0322-724x1024.jpg 724w, https:\/\/sundmann-murawska.pl\/wp-content\/uploads\/2019\/05\/IMG_0322-212x300.jpg 212w, https:\/\/sundmann-murawska.pl\/wp-content\/uploads\/2019\/05\/IMG_0322-768x1086.jpg 768w, https:\/\/sundmann-murawska.pl\/wp-content\/uploads\/2019\/05\/IMG_0322.jpg 1061w\" sizes=\"auto, (max-width: 724px) 100vw, 724px\" \/><\/a><figcaption><strong>Scena g\u00f3ralska, olej na desce, 40&#215;29,5 cm, 2014\/2015r. <\/strong>Reprodukcja &#8211; Zofia Stryje\u0144ska.<\/figcaption><\/figure>\n\n\n\n<figure class=\"wp-block-image\"><a class=\"fancybox\" href=\"http:\/\/www.zyskol.hmcloud.pl\/wp-content\/uploads\/2019\/05\/IMG_0336.jpg\"><img loading=\"lazy\" decoding=\"async\" width=\"741\" height=\"1024\" src=\"http:\/\/www.zyskol.hmcloud.pl\/wp-content\/uploads\/2019\/05\/IMG_0336-741x1024.jpg\" alt=\"\" class=\"wp-image-290\" srcset=\"https:\/\/sundmann-murawska.pl\/wp-content\/uploads\/2019\/05\/IMG_0336-741x1024.jpg 741w, https:\/\/sundmann-murawska.pl\/wp-content\/uploads\/2019\/05\/IMG_0336-217x300.jpg 217w, https:\/\/sundmann-murawska.pl\/wp-content\/uploads\/2019\/05\/IMG_0336-768x1062.jpg 768w, https:\/\/sundmann-murawska.pl\/wp-content\/uploads\/2019\/05\/IMG_0336.jpg 1085w\" sizes=\"auto, (max-width: 706px) 89vw, (max-width: 767px) 82vw, 740px\" \/><\/a><figcaption><strong>Naj\u015bwi\u0119tsze Oblicze Pana Jezusa z Ca\u0142unu Tury\u0144skiego, olej na p\u0142\u00f3tnie, 46&#215;33 cm, 2017r.<\/strong><\/figcaption><\/figure>\n\n\n\n<figure class=\"wp-block-image\"><a class=\"fancybox\" href=\"http:\/\/www.zyskol.hmcloud.pl\/wp-content\/uploads\/2019\/05\/IMG_0297.jpg\"><img loading=\"lazy\" decoding=\"async\" width=\"781\" height=\"1024\" src=\"http:\/\/www.zyskol.hmcloud.pl\/wp-content\/uploads\/2019\/05\/IMG_0297-781x1024.jpg\" alt=\"\" class=\"wp-image-250\" srcset=\"https:\/\/sundmann-murawska.pl\/wp-content\/uploads\/2019\/05\/IMG_0297-781x1024.jpg 781w, https:\/\/sundmann-murawska.pl\/wp-content\/uploads\/2019\/05\/IMG_0297-229x300.jpg 229w, https:\/\/sundmann-murawska.pl\/wp-content\/uploads\/2019\/05\/IMG_0297-768x1007.jpg 768w, https:\/\/sundmann-murawska.pl\/wp-content\/uploads\/2019\/05\/IMG_0297.jpg 1144w\" sizes=\"auto, (max-width: 767px) 89vw, (max-width: 1000px) 54vw, (max-width: 1071px) 543px, 580px\" \/><\/a><figcaption><strong>Scena g\u00f3ralska, olej na desce, 59,5x45cm, 2016\/2017r. <\/strong>Reprodukcja &#8211; Zofia Stryje\u0144ska<\/figcaption><\/figure>\n\n\n\n<figure class=\"wp-block-image\"><a class=\"fancybox\" href=\"http:\/\/www.zyskol.hmcloud.pl\/wp-content\/uploads\/2019\/05\/IMG_0324.jpg\"><img loading=\"lazy\" decoding=\"async\" width=\"1024\" height=\"773\" src=\"http:\/\/www.zyskol.hmcloud.pl\/wp-content\/uploads\/2019\/05\/IMG_0324-1024x773.jpg\" alt=\"\" class=\"wp-image-279\" srcset=\"https:\/\/sundmann-murawska.pl\/wp-content\/uploads\/2019\/05\/IMG_0324-1024x773.jpg 1024w, https:\/\/sundmann-murawska.pl\/wp-content\/uploads\/2019\/05\/IMG_0324-300x227.jpg 300w, https:\/\/sundmann-murawska.pl\/wp-content\/uploads\/2019\/05\/IMG_0324-768x580.jpg 768w, https:\/\/sundmann-murawska.pl\/wp-content\/uploads\/2019\/05\/IMG_0324.jpg 1500w\" sizes=\"auto, (max-width: 767px) 89vw, (max-width: 1000px) 54vw, (max-width: 1071px) 543px, 580px\" \/><\/a><figcaption><strong>Dziewczynka w niebieskim kapeluszu, olej na p\u0142\u00f3tnie, 30&#215;40 cm, 2017 r. <\/strong>Reprodukcja &#8211; Stanis\u0142aw Wyspia\u0144ski 1904r.<\/figcaption><\/figure>\n\n\n\n<figure class=\"wp-block-image\"><a class=\"fancybox\" href=\"http:\/\/www.zyskol.hmcloud.pl\/wp-content\/uploads\/2019\/05\/IMG_0323.jpg\"><img loading=\"lazy\" decoding=\"async\" width=\"1024\" height=\"725\" src=\"http:\/\/www.zyskol.hmcloud.pl\/wp-content\/uploads\/2019\/05\/IMG_0323-1024x725.jpg\" alt=\"\" class=\"wp-image-278\" srcset=\"https:\/\/sundmann-murawska.pl\/wp-content\/uploads\/2019\/05\/IMG_0323-1024x725.jpg 1024w, https:\/\/sundmann-murawska.pl\/wp-content\/uploads\/2019\/05\/IMG_0323-300x212.jpg 300w, https:\/\/sundmann-murawska.pl\/wp-content\/uploads\/2019\/05\/IMG_0323-768x544.jpg 768w, https:\/\/sundmann-murawska.pl\/wp-content\/uploads\/2019\/05\/IMG_0323.jpg 1500w\" sizes=\"auto, (max-width: 767px) 89vw, (max-width: 1000px) 54vw, (max-width: 1071px) 543px, 580px\" \/><\/a><figcaption><strong>\u015api\u0105cy Sta\u015b, olej na desce, 33x46cm, 2016r.<\/strong> Reprodukcja &#8211; Stanis\u0142aw Wyspia\u0144ski 1904r.<\/figcaption><\/figure>\n\n\n\n<figure class=\"wp-block-image\"><a class=\"fancybox\" href=\"http:\/\/www.zyskol.hmcloud.pl\/wp-content\/uploads\/2019\/05\/IMG_0334.jpg\"><img loading=\"lazy\" decoding=\"async\" width=\"1024\" height=\"726\" src=\"http:\/\/www.zyskol.hmcloud.pl\/wp-content\/uploads\/2019\/05\/IMG_0334-1024x726.jpg\" alt=\"\" class=\"wp-image-289\" srcset=\"https:\/\/sundmann-murawska.pl\/wp-content\/uploads\/2019\/05\/IMG_0334-1024x726.jpg 1024w, https:\/\/sundmann-murawska.pl\/wp-content\/uploads\/2019\/05\/IMG_0334-300x213.jpg 300w, https:\/\/sundmann-murawska.pl\/wp-content\/uploads\/2019\/05\/IMG_0334-768x545.jpg 768w, https:\/\/sundmann-murawska.pl\/wp-content\/uploads\/2019\/05\/IMG_0334.jpg 1500w\" sizes=\"auto, (max-width: 767px) 89vw, (max-width: 1000px) 54vw, (max-width: 1071px) 543px, 580px\" \/><\/a><figcaption><strong>Dzieci karmi\u0105ce koz\u0119, olej na p\u0142\u00f3tnie, 33x46cm, 2012r. \u0141\u0105cko ko\u0142o Jaros\u0142awca. <\/strong><\/figcaption><\/figure>\n\n\n\n<figure class=\"wp-block-image\"><a class=\"fancybox\" href=\"http:\/\/www.zyskol.hmcloud.pl\/wp-content\/uploads\/2019\/05\/IMG_0331.jpg\"><img loading=\"lazy\" decoding=\"async\" width=\"1024\" height=\"851\" src=\"http:\/\/www.zyskol.hmcloud.pl\/wp-content\/uploads\/2019\/05\/IMG_0331-1024x851.jpg\" alt=\"\" class=\"wp-image-287\" srcset=\"https:\/\/sundmann-murawska.pl\/wp-content\/uploads\/2019\/05\/IMG_0331-1024x851.jpg 1024w, https:\/\/sundmann-murawska.pl\/wp-content\/uploads\/2019\/05\/IMG_0331-300x249.jpg 300w, https:\/\/sundmann-murawska.pl\/wp-content\/uploads\/2019\/05\/IMG_0331-768x638.jpg 768w, https:\/\/sundmann-murawska.pl\/wp-content\/uploads\/2019\/05\/IMG_0331.jpg 1500w\" sizes=\"auto, (max-width: 767px) 89vw, (max-width: 1000px) 54vw, (max-width: 1071px) 543px, 580px\" \/><\/a><figcaption><strong>W\u0105sowo, Domek wo\u017anic\u00f3w, olej na p\u0142\u00f3tnie, 33x46cm, 2013\/2014r.<\/strong><\/figcaption><\/figure>\n\n\n\n<figure class=\"wp-block-image\"><a class=\"fancybox\" href=\"http:\/\/www.zyskol.hmcloud.pl\/wp-content\/uploads\/2019\/05\/IMG_0316.jpg\"><img loading=\"lazy\" decoding=\"async\" width=\"1024\" height=\"724\" src=\"http:\/\/www.zyskol.hmcloud.pl\/wp-content\/uploads\/2019\/05\/IMG_0316-1024x724.jpg\" alt=\"\" class=\"wp-image-271\" srcset=\"https:\/\/sundmann-murawska.pl\/wp-content\/uploads\/2019\/05\/IMG_0316-1024x724.jpg 1024w, https:\/\/sundmann-murawska.pl\/wp-content\/uploads\/2019\/05\/IMG_0316-300x212.jpg 300w, https:\/\/sundmann-murawska.pl\/wp-content\/uploads\/2019\/05\/IMG_0316-768x543.jpg 768w, https:\/\/sundmann-murawska.pl\/wp-content\/uploads\/2019\/05\/IMG_0316.jpg 1500w\" sizes=\"auto, (max-width: 767px) 89vw, (max-width: 1000px) 54vw, (max-width: 1071px) 543px, 580px\" \/><\/a><figcaption><strong>Dw\u00f3r szlachecki w Koszutach, olej na p\u0142\u00f3tnie, 60x81cm, 2016\/2017r.<\/strong><\/figcaption><\/figure>\n\n\n\n<figure class=\"wp-block-image\"><a class=\"fancybox\" href=\"http:\/\/www.zyskol.hmcloud.pl\/wp-content\/uploads\/2019\/05\/IMG_0314.jpg\"><img loading=\"lazy\" decoding=\"async\" width=\"1024\" height=\"702\" src=\"http:\/\/www.zyskol.hmcloud.pl\/wp-content\/uploads\/2019\/05\/IMG_0314-1024x702.jpg\" alt=\"\" class=\"wp-image-269\" srcset=\"https:\/\/sundmann-murawska.pl\/wp-content\/uploads\/2019\/05\/IMG_0314-1024x702.jpg 1024w, https:\/\/sundmann-murawska.pl\/wp-content\/uploads\/2019\/05\/IMG_0314-300x206.jpg 300w, https:\/\/sundmann-murawska.pl\/wp-content\/uploads\/2019\/05\/IMG_0314-768x527.jpg 768w, https:\/\/sundmann-murawska.pl\/wp-content\/uploads\/2019\/05\/IMG_0314.jpg 1500w\" sizes=\"auto, (max-width: 767px) 89vw, (max-width: 1000px) 54vw, (max-width: 1071px) 543px, 580px\" \/><\/a><figcaption><strong>Pa\u0142ac Bni\u0144skich w Gu\u0142towach z 1786r., olej na p\u0142\u00f3tnie, 65x100cm, 2009\/2012r.<\/strong><\/figcaption><\/figure>\n\n\n\n<figure class=\"wp-block-image\"><a class=\"fancybox\" href=\"http:\/\/www.zyskol.hmcloud.pl\/wp-content\/uploads\/2019\/05\/IMG_0320.jpg\"><img loading=\"lazy\" decoding=\"async\" width=\"1024\" height=\"808\" src=\"http:\/\/www.zyskol.hmcloud.pl\/wp-content\/uploads\/2019\/05\/IMG_0320-1024x808.jpg\" alt=\"\" class=\"wp-image-275\" srcset=\"https:\/\/sundmann-murawska.pl\/wp-content\/uploads\/2019\/05\/IMG_0320-1024x808.jpg 1024w, https:\/\/sundmann-murawska.pl\/wp-content\/uploads\/2019\/05\/IMG_0320-300x237.jpg 300w, https:\/\/sundmann-murawska.pl\/wp-content\/uploads\/2019\/05\/IMG_0320-768x606.jpg 768w, https:\/\/sundmann-murawska.pl\/wp-content\/uploads\/2019\/05\/IMG_0320.jpg 1500w\" sizes=\"auto, (max-width: 767px) 89vw, (max-width: 1000px) 54vw, (max-width: 1071px) 543px, 580px\" \/><\/a><figcaption><strong>\u0141\u0105ki nad Wart\u0105, olej na p\u0142\u00f3tnie, 50x65cm, 2004\/2005r.<\/strong><\/figcaption><\/figure>\n\n\n\n<figure class=\"wp-block-image\"><a class=\"fancybox\" href=\"http:\/\/www.zyskol.hmcloud.pl\/wp-content\/uploads\/2019\/05\/IMG_0329.jpg\"><img loading=\"lazy\" decoding=\"async\" width=\"1024\" height=\"666\" src=\"http:\/\/www.zyskol.hmcloud.pl\/wp-content\/uploads\/2019\/05\/IMG_0329-1024x666.jpg\" alt=\"\" class=\"wp-image-286\" srcset=\"https:\/\/sundmann-murawska.pl\/wp-content\/uploads\/2019\/05\/IMG_0329-1024x666.jpg 1024w, https:\/\/sundmann-murawska.pl\/wp-content\/uploads\/2019\/05\/IMG_0329-300x195.jpg 300w, https:\/\/sundmann-murawska.pl\/wp-content\/uploads\/2019\/05\/IMG_0329-768x499.jpg 768w, https:\/\/sundmann-murawska.pl\/wp-content\/uploads\/2019\/05\/IMG_0329.jpg 1500w\" sizes=\"auto, (max-width: 767px) 89vw, (max-width: 1000px) 54vw, (max-width: 1071px) 543px, 580px\" \/><\/a><figcaption><strong>Ba\u017cantarnia &#8211; Czerniejewo, olej na p\u0142\u00f3tnie, 27x41cm, 2011\/2012r.<\/strong><\/figcaption><\/figure>\n\n\n\n<figure class=\"wp-block-image\"><a class=\"fancybox\" href=\"http:\/\/www.zyskol.hmcloud.pl\/wp-content\/uploads\/2019\/05\/IMG_0321.jpg\"><img loading=\"lazy\" decoding=\"async\" width=\"1024\" height=\"742\" src=\"http:\/\/www.zyskol.hmcloud.pl\/wp-content\/uploads\/2019\/05\/IMG_0321-1024x742.jpg\" alt=\"\" class=\"wp-image-276\" srcset=\"https:\/\/sundmann-murawska.pl\/wp-content\/uploads\/2019\/05\/IMG_0321-1024x742.jpg 1024w, https:\/\/sundmann-murawska.pl\/wp-content\/uploads\/2019\/05\/IMG_0321-300x217.jpg 300w, https:\/\/sundmann-murawska.pl\/wp-content\/uploads\/2019\/05\/IMG_0321-768x557.jpg 768w, https:\/\/sundmann-murawska.pl\/wp-content\/uploads\/2019\/05\/IMG_0321.jpg 1500w\" sizes=\"auto, (max-width: 767px) 89vw, (max-width: 1000px) 54vw, (max-width: 1071px) 543px, 580px\" \/><\/a><figcaption><strong>\u015aredniowieczny franciszka\u0144ski zesp\u00f3\u0142 klasztorny w Pyzdrach, olej na p\u0142\u00f3tnie 61x81cm, 2011\/2013r.<\/strong><\/figcaption><\/figure>\n\n\n\n<figure class=\"wp-block-image\"><a class=\"fancybox\" href=\"http:\/\/www.zyskol.hmcloud.pl\/wp-content\/uploads\/2019\/05\/IMG_0298.jpg\"><img loading=\"lazy\" decoding=\"async\" width=\"1024\" height=\"886\" src=\"http:\/\/www.zyskol.hmcloud.pl\/wp-content\/uploads\/2019\/05\/IMG_0298-1024x886.jpg\" alt=\"\" class=\"wp-image-252\" srcset=\"https:\/\/sundmann-murawska.pl\/wp-content\/uploads\/2019\/05\/IMG_0298-1024x886.jpg 1024w, https:\/\/sundmann-murawska.pl\/wp-content\/uploads\/2019\/05\/IMG_0298-300x260.jpg 300w, https:\/\/sundmann-murawska.pl\/wp-content\/uploads\/2019\/05\/IMG_0298-768x665.jpg 768w, https:\/\/sundmann-murawska.pl\/wp-content\/uploads\/2019\/05\/IMG_0298.jpg 1500w\" sizes=\"auto, (max-width: 767px) 89vw, (max-width: 1000px) 54vw, (max-width: 1071px) 543px, 580px\" \/><\/a><figcaption><strong>Owoce jesieni, olej na desce, 85x100cm, 2011\/2012r.<\/strong><\/figcaption><\/figure>\n\n\n\n<p><strong><a href=\"https:\/\/www.zyskol.hmcloud.pl\/\">Powr\u00f3t<\/a><\/strong><\/p>\n","protected":false},"excerpt":{"rendered":"<p>Powr\u00f3t<\/p>\n","protected":false},"author":2,"featured_media":285,"parent":0,"menu_order":7,"comment_status":"closed","ping_status":"closed","template":"","meta":{"footnotes":""},"class_list":["post-242","page","type-page","status-publish","has-post-thumbnail","hentry"],"_links":{"self":[{"href":"https:\/\/sundmann-murawska.pl\/index.php\/wp-json\/wp\/v2\/pages\/242","targetHints":{"allow":["GET"]}}],"collection":[{"href":"https:\/\/sundmann-murawska.pl\/index.php\/wp-json\/wp\/v2\/pages"}],"about":[{"href":"https:\/\/sundmann-murawska.pl\/index.php\/wp-json\/wp\/v2\/types\/page"}],"author":[{"embeddable":true,"href":"https:\/\/sundmann-murawska.pl\/index.php\/wp-json\/wp\/v2\/users\/2"}],"replies":[{"embeddable":true,"href":"https:\/\/sundmann-murawska.pl\/index.php\/wp-json\/wp\/v2\/comments?post=242"}],"version-history":[{"count":71,"href":"https:\/\/sundmann-murawska.pl\/index.php\/wp-json\/wp\/v2\/pages\/242\/revisions"}],"predecessor-version":[{"id":546,"href":"https:\/\/sundmann-murawska.pl\/index.php\/wp-json\/wp\/v2\/pages\/242\/revisions\/546"}],"wp:featuredmedia":[{"embeddable":true,"href":"https:\/\/sundmann-murawska.pl\/index.php\/wp-json\/wp\/v2\/media\/285"}],"wp:attachment":[{"href":"https:\/\/sundmann-murawska.pl\/index.php\/wp-json\/wp\/v2\/media?parent=242"}],"curies":[{"name":"wp","href":"https:\/\/api.w.org\/{rel}","templated":true}]}}