{"id":9,"date":"2019-05-18T12:26:22","date_gmt":"2019-05-18T10:26:22","guid":{"rendered":"https:\/\/www.zyskol.hmcloud.pl\/?page_id=9"},"modified":"2019-07-19T16:17:53","modified_gmt":"2019-07-19T14:17:53","slug":"galeria-2","status":"publish","type":"page","link":"https:\/\/sundmann-murawska.pl\/","title":{"rendered":"Obrazy"},"content":{"rendered":"\n<div class=\"wp-block-file\"><a href=\"http:\/\/www.zyskol.hmcloud.pl\/wp-content\/uploads\/2019\/05\/IMG_0318-1024x800.jpg\" class=\"wp-block-file__button\" download>Pobierz<\/a><\/div>\n\n\n\n<figure class=\"wp-block-image\"><a class=\"fancybox\" href=\"http:\/\/www.zyskol.hmcloud.pl\/wp-content\/uploads\/2019\/05\/IMG_9947.jpg\"><img loading=\"lazy\" decoding=\"async\" width=\"1024\" height=\"730\" src=\"http:\/\/www.zyskol.hmcloud.pl\/wp-content\/uploads\/2019\/07\/IMG_0305-1024x730.jpg\" alt=\"\" class=\"wp-image-481\" srcset=\"https:\/\/sundmann-murawska.pl\/wp-content\/uploads\/2019\/07\/IMG_0305-1024x730.jpg 1024w, https:\/\/sundmann-murawska.pl\/wp-content\/uploads\/2019\/07\/IMG_0305-300x214.jpg 300w, https:\/\/sundmann-murawska.pl\/wp-content\/uploads\/2019\/07\/IMG_0305-768x547.jpg 768w, https:\/\/sundmann-murawska.pl\/wp-content\/uploads\/2019\/07\/IMG_0305.jpg 1500w\" sizes=\"auto, (max-width: 767px) 89vw, (max-width: 1000px) 54vw, (max-width: 1071px) 543px, 580px\" \/><\/a><figcaption><strong>Sierak\u00f3w &#8211; za mostem, olej na p\u0142\u00f3tnie, 46&#215;61 cm, 2011r.<\/strong><\/figcaption><\/figure>\n\n\n\n<figure class=\"wp-block-image\"><a class=\"fancybox\" href=\"http:\/\/www.zyskol.hmcloud.pl\/wp-content\/uploads\/2019\/05\/IMG_9946-1.jpg\"><img loading=\"lazy\" decoding=\"async\" width=\"800\" height=\"548\" src=\"http:\/\/www.zyskol.hmcloud.pl\/wp-content\/uploads\/2019\/05\/IMG_9946-1.jpg\" alt=\"\" class=\"wp-image-178\" srcset=\"https:\/\/sundmann-murawska.pl\/wp-content\/uploads\/2019\/05\/IMG_9946-1.jpg 800w, https:\/\/sundmann-murawska.pl\/wp-content\/uploads\/2019\/05\/IMG_9946-1-300x206.jpg 300w, https:\/\/sundmann-murawska.pl\/wp-content\/uploads\/2019\/05\/IMG_9946-1-768x526.jpg 768w\" sizes=\"auto, (max-width: 767px) 89vw, (max-width: 1000px) 54vw, (max-width: 1071px) 543px, 580px\" \/><\/a><figcaption><strong>Pejza\u017c g\u00f3rski, olej na p\u0142\u00f3tnie, 38&#215;55 cm, 2007r.<\/strong><\/figcaption><\/figure>\n\n\n\n<figure class=\"wp-block-image\"><a class=\"fancybox\" href=\"http:\/\/www.zyskol.hmcloud.pl\/wp-content\/uploads\/2019\/05\/IMG_9945-1.jpg\"><img loading=\"lazy\" decoding=\"async\" width=\"800\" height=\"563\" src=\"http:\/\/www.zyskol.hmcloud.pl\/wp-content\/uploads\/2019\/05\/IMG_9945-1.jpg\" alt=\"\" class=\"wp-image-177\" srcset=\"https:\/\/sundmann-murawska.pl\/wp-content\/uploads\/2019\/05\/IMG_9945-1.jpg 800w, https:\/\/sundmann-murawska.pl\/wp-content\/uploads\/2019\/05\/IMG_9945-1-300x211.jpg 300w, https:\/\/sundmann-murawska.pl\/wp-content\/uploads\/2019\/05\/IMG_9945-1-768x540.jpg 768w\" sizes=\"auto, (max-width: 767px) 89vw, (max-width: 1000px) 54vw, (max-width: 1071px) 543px, 580px\" \/><\/a><figcaption><strong>D\u0105br\u00f3wka Ko\u015bcielna, olej na p\u0142\u00f3tnie, 33x46cm.<\/strong><\/figcaption><\/figure>\n\n\n\n<figure class=\"wp-block-image\"><a class=\"fancybox\" href=\"http:\/\/www.zyskol.hmcloud.pl\/wp-content\/uploads\/2019\/05\/IMG_9942-1.jpg\"><img loading=\"lazy\" decoding=\"async\" width=\"572\" height=\"800\" src=\"http:\/\/www.zyskol.hmcloud.pl\/wp-content\/uploads\/2019\/05\/IMG_9942-1.jpg\" alt=\"\" class=\"wp-image-176\" srcset=\"https:\/\/sundmann-murawska.pl\/wp-content\/uploads\/2019\/05\/IMG_9942-1.jpg 572w, https:\/\/sundmann-murawska.pl\/wp-content\/uploads\/2019\/05\/IMG_9942-1-215x300.jpg 215w\" sizes=\"auto, (max-width: 572px) 100vw, 572px\" \/><\/a><figcaption><strong>Matka Boska Cz\u0119stochowska, olej na p\u0142\u00f3tnie, 46x33cm, 2007r.<\/strong><\/figcaption><\/figure>\n\n\n\n<figure class=\"wp-block-image\"><a class=\"fancybox\" href=\"http:\/\/www.zyskol.hmcloud.pl\/wp-content\/uploads\/2019\/05\/IMG_9940-1.jpg\"><img loading=\"lazy\" decoding=\"async\" width=\"800\" height=\"549\" src=\"http:\/\/www.zyskol.hmcloud.pl\/wp-content\/uploads\/2019\/05\/IMG_9940-1.jpg\" alt=\"\" class=\"wp-image-175\" srcset=\"https:\/\/sundmann-murawska.pl\/wp-content\/uploads\/2019\/05\/IMG_9940-1.jpg 800w, https:\/\/sundmann-murawska.pl\/wp-content\/uploads\/2019\/05\/IMG_9940-1-300x206.jpg 300w, https:\/\/sundmann-murawska.pl\/wp-content\/uploads\/2019\/05\/IMG_9940-1-768x527.jpg 768w\" sizes=\"auto, (max-width: 767px) 89vw, (max-width: 1000px) 54vw, (max-width: 1071px) 543px, 580px\" \/><\/a><figcaption><strong>Zatom Stary, olej na p\u0142\u00f3tnie, 38&#215;55 m, 2008r<\/strong>.<\/figcaption><\/figure>\n\n\n\n<figure class=\"wp-block-image\"><a class=\"fancybox\" href=\"http:\/\/www.zyskol.hmcloud.pl\/wp-content\/uploads\/2019\/05\/IMG_9938-1.jpg\"><img loading=\"lazy\" decoding=\"async\" width=\"800\" height=\"602\" src=\"http:\/\/www.zyskol.hmcloud.pl\/wp-content\/uploads\/2019\/05\/IMG_9938-1.jpg\" alt=\"\" class=\"wp-image-174\" srcset=\"https:\/\/sundmann-murawska.pl\/wp-content\/uploads\/2019\/05\/IMG_9938-1.jpg 800w, https:\/\/sundmann-murawska.pl\/wp-content\/uploads\/2019\/05\/IMG_9938-1-300x226.jpg 300w, https:\/\/sundmann-murawska.pl\/wp-content\/uploads\/2019\/05\/IMG_9938-1-768x578.jpg 768w\" sizes=\"auto, (max-width: 767px) 89vw, (max-width: 1000px) 54vw, (max-width: 1071px) 543px, 580px\" \/><\/a><figcaption><strong>\u015aciernisko, olej na p\u0142\u00f3tnie, 46&#215;61 cm, 2003r.<\/strong><\/figcaption><\/figure>\n\n\n\n<figure class=\"wp-block-image\"><a class=\"fancybox\" href=\"http:\/\/www.zyskol.hmcloud.pl\/wp-content\/uploads\/2019\/05\/IMG_9936-1.jpg\"><img loading=\"lazy\" decoding=\"async\" width=\"800\" height=\"613\" src=\"http:\/\/www.zyskol.hmcloud.pl\/wp-content\/uploads\/2019\/05\/IMG_9936-1.jpg\" alt=\"\" class=\"wp-image-173\" srcset=\"https:\/\/sundmann-murawska.pl\/wp-content\/uploads\/2019\/05\/IMG_9936-1.jpg 800w, https:\/\/sundmann-murawska.pl\/wp-content\/uploads\/2019\/05\/IMG_9936-1-300x230.jpg 300w, https:\/\/sundmann-murawska.pl\/wp-content\/uploads\/2019\/05\/IMG_9936-1-768x588.jpg 768w\" sizes=\"auto, (max-width: 767px) 89vw, (max-width: 1000px) 54vw, (max-width: 1071px) 543px, 580px\" \/><\/a><figcaption><strong>Kwiaty, olej na p\u0142\u00f3tnie, 40&#215;50 cm, 2008r.<\/strong><\/figcaption><\/figure>\n\n\n\n<figure class=\"wp-block-image\"><a class=\"fancybox\" href=\"http:\/\/www.zyskol.hmcloud.pl\/wp-content\/uploads\/2019\/05\/IMG_9931-1.jpg\"><img loading=\"lazy\" decoding=\"async\" width=\"800\" height=\"500\" src=\"http:\/\/www.zyskol.hmcloud.pl\/wp-content\/uploads\/2019\/05\/IMG_9931-1.jpg\" alt=\"\" class=\"wp-image-172\" srcset=\"https:\/\/sundmann-murawska.pl\/wp-content\/uploads\/2019\/05\/IMG_9931-1.jpg 800w, https:\/\/sundmann-murawska.pl\/wp-content\/uploads\/2019\/05\/IMG_9931-1-300x188.jpg 300w, https:\/\/sundmann-murawska.pl\/wp-content\/uploads\/2019\/05\/IMG_9931-1-768x480.jpg 768w\" sizes=\"auto, (max-width: 767px) 89vw, (max-width: 1000px) 54vw, (max-width: 1071px) 543px, 580px\" \/><\/a><figcaption><strong>Zakole Warty pod Wronkami, olej na p\u0142\u00f3tnie, 65&#215;100 cm, 2005r.<\/strong><br><\/figcaption><\/figure>\n\n\n\n<figure class=\"wp-block-image\"><a class=\"fancybox\" href=\"http:\/\/www.zyskol.hmcloud.pl\/wp-content\/uploads\/2019\/05\/IMG_9929-1.jpg\"><img loading=\"lazy\" decoding=\"async\" width=\"800\" height=\"647\" src=\"http:\/\/www.zyskol.hmcloud.pl\/wp-content\/uploads\/2019\/05\/IMG_9929-1.jpg\" alt=\"\" class=\"wp-image-171\" srcset=\"https:\/\/sundmann-murawska.pl\/wp-content\/uploads\/2019\/05\/IMG_9929-1.jpg 800w, https:\/\/sundmann-murawska.pl\/wp-content\/uploads\/2019\/05\/IMG_9929-1-300x243.jpg 300w, https:\/\/sundmann-murawska.pl\/wp-content\/uploads\/2019\/05\/IMG_9929-1-768x621.jpg 768w\" sizes=\"auto, (max-width: 767px) 89vw, (max-width: 1000px) 54vw, (max-width: 1071px) 543px, 580px\" \/><\/a><figcaption><strong>G\u00f3ra Tarnica &#8211; Bieszczady, olej na p\u0142\u00f3tnie, 27&#215;33 cm, 2008r.<\/strong><\/figcaption><\/figure>\n\n\n\n<figure class=\"wp-block-image\"><a class=\"fancybox\" href=\"http:\/\/www.zyskol.hmcloud.pl\/wp-content\/uploads\/2019\/05\/IMG_9927-1.jpg\"><img loading=\"lazy\" decoding=\"async\" width=\"800\" height=\"565\" src=\"http:\/\/www.zyskol.hmcloud.pl\/wp-content\/uploads\/2019\/05\/IMG_9927-1.jpg\" alt=\"\" class=\"wp-image-170\" srcset=\"https:\/\/sundmann-murawska.pl\/wp-content\/uploads\/2019\/05\/IMG_9927-1.jpg 800w, https:\/\/sundmann-murawska.pl\/wp-content\/uploads\/2019\/05\/IMG_9927-1-300x212.jpg 300w, https:\/\/sundmann-murawska.pl\/wp-content\/uploads\/2019\/05\/IMG_9927-1-768x542.jpg 768w\" sizes=\"auto, (max-width: 767px) 89vw, (max-width: 1000px) 54vw, (max-width: 1071px) 543px, 580px\" \/><\/a><figcaption><strong>Po\u015br\u00f3d p\u00f3l, olej na p\u0142\u00f3tnie, 33&#215;46 cm.<\/strong><\/figcaption><\/figure>\n\n\n\n<figure class=\"wp-block-image\"><a class=\"fancybox\" href=\"http:\/\/www.zyskol.hmcloud.pl\/wp-content\/uploads\/2019\/05\/IMG_9925-1.jpg\"><img loading=\"lazy\" decoding=\"async\" width=\"800\" height=\"533\" src=\"http:\/\/www.zyskol.hmcloud.pl\/wp-content\/uploads\/2019\/05\/IMG_9925-1.jpg\" alt=\"\" class=\"wp-image-169\" srcset=\"https:\/\/sundmann-murawska.pl\/wp-content\/uploads\/2019\/05\/IMG_9925-1.jpg 800w, https:\/\/sundmann-murawska.pl\/wp-content\/uploads\/2019\/05\/IMG_9925-1-300x200.jpg 300w, https:\/\/sundmann-murawska.pl\/wp-content\/uploads\/2019\/05\/IMG_9925-1-768x512.jpg 768w\" sizes=\"auto, (max-width: 767px) 89vw, (max-width: 1000px) 54vw, (max-width: 1071px) 543px, 580px\" \/><\/a><figcaption><strong>Pastwisko, olej na p\u0142\u00f3tnie, 33x46cm.<\/strong><\/figcaption><\/figure>\n\n\n\n<figure class=\"wp-block-image\"><a class=\"fancybox\" href=\"http:\/\/www.zyskol.hmcloud.pl\/wp-content\/uploads\/2019\/05\/IMG_9924-2.jpg\"><img loading=\"lazy\" decoding=\"async\" width=\"800\" height=\"533\" src=\"http:\/\/www.zyskol.hmcloud.pl\/wp-content\/uploads\/2019\/05\/IMG_9924-2.jpg\" alt=\"\" class=\"wp-image-168\" srcset=\"https:\/\/sundmann-murawska.pl\/wp-content\/uploads\/2019\/05\/IMG_9924-2.jpg 800w, https:\/\/sundmann-murawska.pl\/wp-content\/uploads\/2019\/05\/IMG_9924-2-300x200.jpg 300w, https:\/\/sundmann-murawska.pl\/wp-content\/uploads\/2019\/05\/IMG_9924-2-768x512.jpg 768w\" sizes=\"auto, (max-width: 767px) 89vw, (max-width: 1000px) 54vw, (max-width: 1071px) 543px, 580px\" \/><\/a><figcaption><strong>Za Kamie\u0144czykiem, olej na p\u0142\u00f3tnie, 38&#215;55 cm, 2005r.<\/strong><\/figcaption><\/figure>\n\n\n\n<figure class=\"wp-block-image\"><a class=\"fancybox\" href=\"http:\/\/www.zyskol.hmcloud.pl\/wp-content\/uploads\/2019\/05\/IMG_9920-1.jpg\"><img loading=\"lazy\" decoding=\"async\" width=\"660\" height=\"800\" src=\"http:\/\/www.zyskol.hmcloud.pl\/wp-content\/uploads\/2019\/05\/IMG_9920-1.jpg\" alt=\"\" class=\"wp-image-167\" srcset=\"https:\/\/sundmann-murawska.pl\/wp-content\/uploads\/2019\/05\/IMG_9920-1.jpg 660w, https:\/\/sundmann-murawska.pl\/wp-content\/uploads\/2019\/05\/IMG_9920-1-248x300.jpg 248w\" sizes=\"auto, (max-width: 660px) 100vw, 660px\" \/><\/a><figcaption><strong>Lato w \u0141uk\u0119cinie, olej na p\u0142\u00f3tnie, 41&#215;33 cm, 2006r. <\/strong><\/figcaption><\/figure>\n\n\n\n<figure class=\"wp-block-image\"><a class=\"fancybox\" href=\"http:\/\/www.zyskol.hmcloud.pl\/wp-content\/uploads\/2019\/05\/IMG_9919-1.jpg\"><img loading=\"lazy\" decoding=\"async\" width=\"800\" height=\"625\" src=\"http:\/\/www.zyskol.hmcloud.pl\/wp-content\/uploads\/2019\/05\/IMG_9919-1.jpg\" alt=\"\" class=\"wp-image-166\" srcset=\"https:\/\/sundmann-murawska.pl\/wp-content\/uploads\/2019\/05\/IMG_9919-1.jpg 800w, https:\/\/sundmann-murawska.pl\/wp-content\/uploads\/2019\/05\/IMG_9919-1-300x234.jpg 300w, https:\/\/sundmann-murawska.pl\/wp-content\/uploads\/2019\/05\/IMG_9919-1-768x600.jpg 768w\" sizes=\"auto, (max-width: 767px) 89vw, (max-width: 1000px) 54vw, (max-width: 1071px) 543px, 580px\" \/><\/a><figcaption><strong>Mokrad\u0142a \u015br\u00f3dpolne, oleje na p\u0142\u00f3tnie, 33&#215;41 cm, 2005r.<\/strong><\/figcaption><\/figure>\n\n\n\n<figure class=\"wp-block-image\"><a class=\"fancybox\" href=\"http:\/\/www.zyskol.hmcloud.pl\/wp-content\/uploads\/2019\/05\/IMG_9916-1.jpg\"><img loading=\"lazy\" decoding=\"async\" width=\"800\" height=\"591\" src=\"http:\/\/www.zyskol.hmcloud.pl\/wp-content\/uploads\/2019\/05\/IMG_9916-1.jpg\" alt=\"\" class=\"wp-image-164\" srcset=\"https:\/\/sundmann-murawska.pl\/wp-content\/uploads\/2019\/05\/IMG_9916-1.jpg 800w, https:\/\/sundmann-murawska.pl\/wp-content\/uploads\/2019\/05\/IMG_9916-1-300x222.jpg 300w, https:\/\/sundmann-murawska.pl\/wp-content\/uploads\/2019\/05\/IMG_9916-1-768x567.jpg 768w\" sizes=\"auto, (max-width: 767px) 89vw, (max-width: 1000px) 54vw, (max-width: 1071px) 543px, 580px\" \/><\/a><figcaption><strong>Za jeziorem, olej na p\u0142\u00f3tnie, 46&#215;61 cm, 2003r.<\/strong><\/figcaption><\/figure>\n\n\n\n<figure class=\"wp-block-image\"><a class=\"fancybox\" href=\"http:\/\/www.zyskol.hmcloud.pl\/wp-content\/uploads\/2019\/05\/IMG_9913-1.jpg\"><img loading=\"lazy\" decoding=\"async\" width=\"800\" height=\"533\" src=\"http:\/\/www.zyskol.hmcloud.pl\/wp-content\/uploads\/2019\/05\/IMG_9913-1.jpg\" alt=\"\" class=\"wp-image-163\" srcset=\"https:\/\/sundmann-murawska.pl\/wp-content\/uploads\/2019\/05\/IMG_9913-1.jpg 800w, https:\/\/sundmann-murawska.pl\/wp-content\/uploads\/2019\/05\/IMG_9913-1-300x200.jpg 300w, https:\/\/sundmann-murawska.pl\/wp-content\/uploads\/2019\/05\/IMG_9913-1-768x512.jpg 768w\" sizes=\"auto, (max-width: 767px) 89vw, (max-width: 1000px) 54vw, (max-width: 1071px) 543px, 580px\" \/><\/a><figcaption><strong>Widok z pracowni, olej na p\u0142\u00f3tnie, 38&#215;55 cm, 2007r.<\/strong><\/figcaption><\/figure>\n\n\n\n<figure class=\"wp-block-image\"><a class=\"fancybox\" href=\"http:\/\/www.zyskol.hmcloud.pl\/wp-content\/uploads\/2019\/05\/IMG_9911-1.jpg\"><img loading=\"lazy\" decoding=\"async\" width=\"800\" height=\"583\" src=\"http:\/\/www.zyskol.hmcloud.pl\/wp-content\/uploads\/2019\/05\/IMG_9911-1.jpg\" alt=\"\" class=\"wp-image-162\" srcset=\"https:\/\/sundmann-murawska.pl\/wp-content\/uploads\/2019\/05\/IMG_9911-1.jpg 800w, https:\/\/sundmann-murawska.pl\/wp-content\/uploads\/2019\/05\/IMG_9911-1-300x219.jpg 300w, https:\/\/sundmann-murawska.pl\/wp-content\/uploads\/2019\/05\/IMG_9911-1-768x560.jpg 768w\" sizes=\"auto, (max-width: 767px) 89vw, (max-width: 1000px) 54vw, (max-width: 1071px) 543px, 580px\" \/><\/a><figcaption><strong>Wrzesie\u0144 w Krosinku, olej na p\u0142\u00f3tnie, 50&#215;65 cm, 2004r. <\/strong><br><\/figcaption><\/figure>\n\n\n\n<figure class=\"wp-block-image\"><a class=\"fancybox\" href=\"http:\/\/www.zyskol.hmcloud.pl\/wp-content\/uploads\/2019\/05\/IMG_9910-1.jpg\"><img loading=\"lazy\" decoding=\"async\" width=\"600\" height=\"755\" src=\"http:\/\/www.zyskol.hmcloud.pl\/wp-content\/uploads\/2019\/05\/IMG_9910-1.jpg\" alt=\"\" class=\"wp-image-161\" srcset=\"https:\/\/sundmann-murawska.pl\/wp-content\/uploads\/2019\/05\/IMG_9910-1.jpg 600w, https:\/\/sundmann-murawska.pl\/wp-content\/uploads\/2019\/05\/IMG_9910-1-238x300.jpg 238w\" sizes=\"auto, (max-width: 600px) 100vw, 600px\" \/><\/a><figcaption><strong>Dzban i owoce, olej na p\u0142\u00f3tnie, 41&#215;33 cm, 2003r.<\/strong><br><\/figcaption><\/figure>\n\n\n\n<figure class=\"wp-block-image\"><a class=\"fancybox\" href=\"http:\/\/www.zyskol.hmcloud.pl\/wp-content\/uploads\/2019\/05\/IMG_9907-1.jpg\"><img loading=\"lazy\" decoding=\"async\" width=\"800\" height=\"573\" src=\"http:\/\/www.zyskol.hmcloud.pl\/wp-content\/uploads\/2019\/05\/IMG_9907-1.jpg\" alt=\"\" class=\"wp-image-160\" srcset=\"https:\/\/sundmann-murawska.pl\/wp-content\/uploads\/2019\/05\/IMG_9907-1.jpg 800w, https:\/\/sundmann-murawska.pl\/wp-content\/uploads\/2019\/05\/IMG_9907-1-300x215.jpg 300w, https:\/\/sundmann-murawska.pl\/wp-content\/uploads\/2019\/05\/IMG_9907-1-768x550.jpg 768w\" sizes=\"auto, (max-width: 767px) 89vw, (max-width: 1000px) 54vw, (max-width: 1071px) 543px, 580px\" \/><\/a><figcaption><strong>\u0141ab\u0119d\u017a, olej na p\u0142\u00f3tnie, 33&#215;46 cm, 2004r.<\/strong><br><\/figcaption><\/figure>\n\n\n\n<figure class=\"wp-block-image\"><a class=\"fancybox\" href=\"http:\/\/www.zyskol.hmcloud.pl\/wp-content\/uploads\/2019\/05\/IMG_9902-1.jpg\"><img loading=\"lazy\" decoding=\"async\" width=\"800\" height=\"569\" src=\"http:\/\/www.zyskol.hmcloud.pl\/wp-content\/uploads\/2019\/05\/IMG_9902-1.jpg\" alt=\"\" class=\"wp-image-159\" srcset=\"https:\/\/sundmann-murawska.pl\/wp-content\/uploads\/2019\/05\/IMG_9902-1.jpg 800w, https:\/\/sundmann-murawska.pl\/wp-content\/uploads\/2019\/05\/IMG_9902-1-300x213.jpg 300w, https:\/\/sundmann-murawska.pl\/wp-content\/uploads\/2019\/05\/IMG_9902-1-768x546.jpg 768w\" sizes=\"auto, (max-width: 767px) 89vw, (max-width: 1000px) 54vw, (max-width: 1071px) 543px, 580px\" \/><\/a><figcaption><strong>S\u0142onecznik, olej na p\u0142\u00f3tnie, 33&#215;46 cm, 2004r.<\/strong><\/figcaption><\/figure>\n\n\n\n<figure class=\"wp-block-image\"><a class=\"fancybox\" href=\"http:\/\/www.zyskol.hmcloud.pl\/wp-content\/uploads\/2019\/05\/IMG_9901-1.jpg\"><img loading=\"lazy\" decoding=\"async\" width=\"800\" height=\"564\" src=\"http:\/\/www.zyskol.hmcloud.pl\/wp-content\/uploads\/2019\/05\/IMG_9901-1.jpg\" alt=\"\" class=\"wp-image-158\" srcset=\"https:\/\/sundmann-murawska.pl\/wp-content\/uploads\/2019\/05\/IMG_9901-1.jpg 800w, https:\/\/sundmann-murawska.pl\/wp-content\/uploads\/2019\/05\/IMG_9901-1-300x212.jpg 300w, https:\/\/sundmann-murawska.pl\/wp-content\/uploads\/2019\/05\/IMG_9901-1-768x541.jpg 768w\" sizes=\"auto, (max-width: 767px) 89vw, (max-width: 1000px) 54vw, (max-width: 1071px) 543px, 580px\" \/><\/a><figcaption><strong>Staw przy Ba\u017cantarni w Czerniejewie,  olej na p\u0142\u00f3tnie, 33&#215;46 cm, 2009r.<\/strong> <\/figcaption><\/figure>\n\n\n\n<figure class=\"wp-block-image\"><a class=\"fancybox\" href=\"http:\/\/www.zyskol.hmcloud.pl\/wp-content\/uploads\/2019\/05\/IMG_9899-1.jpg\"><img loading=\"lazy\" decoding=\"async\" width=\"800\" height=\"564\" src=\"http:\/\/www.zyskol.hmcloud.pl\/wp-content\/uploads\/2019\/05\/IMG_9899-1.jpg\" alt=\"\" class=\"wp-image-157\" srcset=\"https:\/\/sundmann-murawska.pl\/wp-content\/uploads\/2019\/05\/IMG_9899-1.jpg 800w, https:\/\/sundmann-murawska.pl\/wp-content\/uploads\/2019\/05\/IMG_9899-1-300x212.jpg 300w, https:\/\/sundmann-murawska.pl\/wp-content\/uploads\/2019\/05\/IMG_9899-1-768x541.jpg 768w\" sizes=\"auto, (max-width: 767px) 89vw, (max-width: 1000px) 54vw, (max-width: 1071px) 543px, 580px\" \/><\/a><figcaption><strong>Jeziorko w parku ko\u0142o Mosiny, olej na p\u0142\u00f3tnie, 33&#215;46 cm, 2009r.<\/strong> <\/figcaption><\/figure>\n\n\n\n<figure class=\"wp-block-image\"><a class=\"fancybox\" href=\"http:\/\/www.zyskol.hmcloud.pl\/wp-content\/uploads\/2019\/05\/IMG_9898-1.jpg\"><img loading=\"lazy\" decoding=\"async\" width=\"800\" height=\"574\" src=\"http:\/\/www.zyskol.hmcloud.pl\/wp-content\/uploads\/2019\/05\/IMG_9898-1.jpg\" alt=\"\" class=\"wp-image-156\" srcset=\"https:\/\/sundmann-murawska.pl\/wp-content\/uploads\/2019\/05\/IMG_9898-1.jpg 800w, https:\/\/sundmann-murawska.pl\/wp-content\/uploads\/2019\/05\/IMG_9898-1-300x215.jpg 300w, https:\/\/sundmann-murawska.pl\/wp-content\/uploads\/2019\/05\/IMG_9898-1-768x551.jpg 768w\" sizes=\"auto, (max-width: 767px) 89vw, (max-width: 1000px) 54vw, (max-width: 1071px) 543px, 580px\" \/><\/a><figcaption><strong>Ko\u015bci\u00f3w D\u0105br\u00f3wce Ko\u015bcielnej, olej na p\u0142\u00f3tnie, 33&#215;46 cm, 2009r. <\/strong><\/figcaption><\/figure>\n\n\n\n<figure class=\"wp-block-image\"><a class=\"fancybox\" href=\"http:\/\/www.zyskol.hmcloud.pl\/wp-content\/uploads\/2019\/05\/IMG_9897-1.jpg\"><img loading=\"lazy\" decoding=\"async\" width=\"672\" height=\"800\" src=\"http:\/\/www.zyskol.hmcloud.pl\/wp-content\/uploads\/2019\/05\/IMG_9897-1.jpg\" alt=\"\" class=\"wp-image-155\" srcset=\"https:\/\/sundmann-murawska.pl\/wp-content\/uploads\/2019\/05\/IMG_9897-1.jpg 672w, https:\/\/sundmann-murawska.pl\/wp-content\/uploads\/2019\/05\/IMG_9897-1-252x300.jpg 252w\" sizes=\"auto, (max-width: 672px) 100vw, 672px\" \/><\/a><figcaption><strong>Kobieta z Malezji,  olej na p\u0142\u00f3tnie, 33x4646x38 cm, 2005r.<\/strong> <\/figcaption><\/figure>\n\n\n\n<figure class=\"wp-block-image is-resized\"><a class=\"fancybox\" href=\"http:\/\/www.zyskol.hmcloud.pl\/wp-content\/uploads\/2019\/05\/IMG_9895-1.jpg\"><img loading=\"lazy\" decoding=\"async\" src=\"http:\/\/www.zyskol.hmcloud.pl\/wp-content\/uploads\/2019\/05\/IMG_9895-1.jpg\" alt=\"\" class=\"wp-image-154\" width=\"600\" height=\"419\" srcset=\"https:\/\/sundmann-murawska.pl\/wp-content\/uploads\/2019\/05\/IMG_9895-1.jpg 800w, https:\/\/sundmann-murawska.pl\/wp-content\/uploads\/2019\/05\/IMG_9895-1-300x209.jpg 300w, https:\/\/sundmann-murawska.pl\/wp-content\/uploads\/2019\/05\/IMG_9895-1-768x536.jpg 768w\" sizes=\"auto, (max-width: 600px) 100vw, 600px\" \/><\/a><figcaption><strong>\u015api\u0105cy Sta\u015b<\/strong> <strong>, olej na desce, 33&#215;46 cm, 2016r.<\/strong> Reprodukcja Stanis\u0142aw Wyspia\u0144ski, 1904r.<\/figcaption><\/figure>\n\n\n\n<figure class=\"wp-block-image\"><a class=\"fancybox\" href=\"http:\/\/www.zyskol.hmcloud.pl\/wp-content\/uploads\/2019\/05\/IMG_9892-1.jpg\"><img loading=\"lazy\" decoding=\"async\" width=\"800\" height=\"528\" src=\"http:\/\/www.zyskol.hmcloud.pl\/wp-content\/uploads\/2019\/05\/IMG_9892-1.jpg\" alt=\"\" class=\"wp-image-153\" srcset=\"https:\/\/sundmann-murawska.pl\/wp-content\/uploads\/2019\/05\/IMG_9892-1.jpg 800w, https:\/\/sundmann-murawska.pl\/wp-content\/uploads\/2019\/05\/IMG_9892-1-300x198.jpg 300w, https:\/\/sundmann-murawska.pl\/wp-content\/uploads\/2019\/05\/IMG_9892-1-768x507.jpg 768w\" sizes=\"auto, (max-width: 767px) 89vw, (max-width: 1000px) 54vw, (max-width: 1071px) 543px, 580px\" \/><\/a><figcaption><strong>Pa\u0142ac w Czerniejewie , olej na p\u0142\u00f3tnie, 65&#215;100 cm, 2005r. <\/strong><\/figcaption><\/figure>\n\n\n\n<figure class=\"wp-block-image\"><a class=\"fancybox\" href=\"http:\/\/www.zyskol.hmcloud.pl\/wp-content\/uploads\/2019\/05\/IMG_9890-1.jpg\"><img loading=\"lazy\" decoding=\"async\" width=\"800\" height=\"518\" src=\"http:\/\/www.zyskol.hmcloud.pl\/wp-content\/uploads\/2019\/05\/IMG_9890-1.jpg\" alt=\"\" class=\"wp-image-152\" srcset=\"https:\/\/sundmann-murawska.pl\/wp-content\/uploads\/2019\/05\/IMG_9890-1.jpg 800w, https:\/\/sundmann-murawska.pl\/wp-content\/uploads\/2019\/05\/IMG_9890-1-300x194.jpg 300w, https:\/\/sundmann-murawska.pl\/wp-content\/uploads\/2019\/05\/IMG_9890-1-768x497.jpg 768w\" sizes=\"auto, (max-width: 767px) 89vw, (max-width: 1000px) 54vw, (max-width: 1071px) 543px, 580px\" \/><\/a><figcaption><strong>Zach\u00f3d S\u0142o\u0144ca w Mi\u0119dzywodziu, olej na p\u0142\u00f3tnie, 65&#215;100 cm, 2006r.<\/strong><\/figcaption><\/figure>\n\n\n\n<figure class=\"wp-block-image\"><a class=\"fancybox\" href=\"http:\/\/www.zyskol.hmcloud.pl\/wp-content\/uploads\/2019\/05\/IMG_9887-1.jpg\"><img loading=\"lazy\" decoding=\"async\" width=\"800\" height=\"571\" src=\"http:\/\/www.zyskol.hmcloud.pl\/wp-content\/uploads\/2019\/05\/IMG_9887-1.jpg\" alt=\"\" class=\"wp-image-151\" srcset=\"https:\/\/sundmann-murawska.pl\/wp-content\/uploads\/2019\/05\/IMG_9887-1.jpg 800w, https:\/\/sundmann-murawska.pl\/wp-content\/uploads\/2019\/05\/IMG_9887-1-300x214.jpg 300w, https:\/\/sundmann-murawska.pl\/wp-content\/uploads\/2019\/05\/IMG_9887-1-768x548.jpg 768w\" sizes=\"auto, (max-width: 767px) 89vw, (max-width: 1000px) 54vw, (max-width: 1071px) 543px, 580px\" \/><\/a><figcaption><strong>Dworek z Trzebunia, olej na p\u0142\u00f3tnie, 65&#215;100 cm.<\/strong><\/figcaption><\/figure>\n\n\n\n<figure class=\"wp-block-image\"><a class=\"fancybox\" href=\"http:\/\/www.zyskol.hmcloud.pl\/wp-content\/uploads\/2019\/05\/IMG_9882-1.jpg\"><img loading=\"lazy\" decoding=\"async\" width=\"800\" height=\"516\" src=\"http:\/\/www.zyskol.hmcloud.pl\/wp-content\/uploads\/2019\/05\/IMG_9882-1.jpg\" alt=\"\" class=\"wp-image-149\" srcset=\"https:\/\/sundmann-murawska.pl\/wp-content\/uploads\/2019\/05\/IMG_9882-1.jpg 800w, https:\/\/sundmann-murawska.pl\/wp-content\/uploads\/2019\/05\/IMG_9882-1-300x194.jpg 300w, https:\/\/sundmann-murawska.pl\/wp-content\/uploads\/2019\/05\/IMG_9882-1-768x495.jpg 768w\" sizes=\"auto, (max-width: 767px) 89vw, (max-width: 1000px) 54vw, (max-width: 1071px) 543px, 580px\" \/><\/a><figcaption><strong>Nad Wart\u0105, olej na p\u0142\u00f3tnie, 65&#215;100 cm.<\/strong><\/figcaption><\/figure>\n\n\n\n<figure class=\"wp-block-image\"><a class=\"fancybox\" href=\"http:\/\/www.zyskol.hmcloud.pl\/wp-content\/uploads\/2019\/05\/IMG_9885-1.jpg\"><img loading=\"lazy\" decoding=\"async\" width=\"800\" height=\"578\" src=\"http:\/\/www.zyskol.hmcloud.pl\/wp-content\/uploads\/2019\/05\/IMG_9885-1.jpg\" alt=\"\" class=\"wp-image-150\" srcset=\"https:\/\/sundmann-murawska.pl\/wp-content\/uploads\/2019\/05\/IMG_9885-1.jpg 800w, https:\/\/sundmann-murawska.pl\/wp-content\/uploads\/2019\/05\/IMG_9885-1-300x217.jpg 300w, https:\/\/sundmann-murawska.pl\/wp-content\/uploads\/2019\/05\/IMG_9885-1-768x555.jpg 768w\" sizes=\"auto, (max-width: 767px) 89vw, (max-width: 1000px) 54vw, (max-width: 1071px) 543px, 580px\" \/><\/a><figcaption><strong>W dolinie Warty &#8211; okolice Puszczykowa, olej na p\u0142\u00f3tnie, 60&#215;81 cm. <\/strong><\/figcaption><\/figure>\n\n\n\n<p><a href=\"https:\/\/www.zyskol.hmcloud.pl\/\"><strong>Powr\u00f3t<\/strong><\/a><\/p>\n","protected":false},"excerpt":{"rendered":"<p>Powr\u00f3t<\/p>\n","protected":false},"author":2,"featured_media":160,"parent":0,"menu_order":5,"comment_status":"closed","ping_status":"closed","template":"","meta":{"footnotes":""},"class_list":["post-9","page","type-page","status-publish","has-post-thumbnail","hentry"],"_links":{"self":[{"href":"https:\/\/sundmann-murawska.pl\/index.php\/wp-json\/wp\/v2\/pages\/9","targetHints":{"allow":["GET"]}}],"collection":[{"href":"https:\/\/sundmann-murawska.pl\/index.php\/wp-json\/wp\/v2\/pages"}],"about":[{"href":"https:\/\/sundmann-murawska.pl\/index.php\/wp-json\/wp\/v2\/types\/page"}],"author":[{"embeddable":true,"href":"https:\/\/sundmann-murawska.pl\/index.php\/wp-json\/wp\/v2\/users\/2"}],"replies":[{"embeddable":true,"href":"https:\/\/sundmann-murawska.pl\/index.php\/wp-json\/wp\/v2\/comments?post=9"}],"version-history":[{"count":108,"href":"https:\/\/sundmann-murawska.pl\/index.php\/wp-json\/wp\/v2\/pages\/9\/revisions"}],"predecessor-version":[{"id":527,"href":"https:\/\/sundmann-murawska.pl\/index.php\/wp-json\/wp\/v2\/pages\/9\/revisions\/527"}],"wp:featuredmedia":[{"embeddable":true,"href":"https:\/\/sundmann-murawska.pl\/index.php\/wp-json\/wp\/v2\/media\/160"}],"wp:attachment":[{"href":"https:\/\/sundmann-murawska.pl\/index.php\/wp-json\/wp\/v2\/media?parent=9"}],"curies":[{"name":"wp","href":"https:\/\/api.w.org\/{rel}","templated":true}]}}